{"id":9,"date":"2012-12-13T23:21:16","date_gmt":"2012-12-13T23:21:16","guid":{"rendered":"http:\/\/archima.jattaman.eu\/?page_id=9"},"modified":"2013-03-25T12:09:28","modified_gmt":"2013-03-25T12:09:28","slug":"firma","status":"publish","type":"page","link":"http:\/\/archima.net\/","title":{"rendered":"Firma"},"content":{"rendered":"<p>Projektowanie to pasja.<\/p>\n<p>Pomys\u0142y jak puzzle, jak \u0142amig\u0142\u00f3wki do posk\u0142adania w doskona\u0142\u0105 ca\u0142o\u015b\u0107.<\/p>\n<p>Im trudniejsze, tym wi\u0119ksza satysfakcja z realizacji projektu,<\/p>\n<p>z wi\u0119kszymi wyzwaniami wi\u0119kszy zapa\u0142 do podj\u0119cia si\u0119 zadania<\/p>\n<p>&nbsp;<\/p>\n<p>Po\u0142\u0105czenie dobrych pomys\u0142\u00f3w z praktycznymi rozwi\u0105zaniami oraz dobra wsp\u00f3\u0142praca<br \/>\nz inwestorem to klucz do udanego projektu.<\/p>\n<p>&nbsp;<\/p>\n<p>Projektowanie to nie tylko wykonywanie zawodu, to przede wszystkim pasja<br \/>\ni w pewnym sensie misja.\u00a0 Wy\u0142\u0105cznie dobra, \u015bcis\u0142a i szczera wsp\u00f3\u0142praca z inwestorem oraz poszukiwanie optymalnych rozwi\u0105za\u0144 daje zadowalaj\u0105ce efekty.<\/p>\n<p>&nbsp;<\/p>\n<p>&nbsp;<\/p>\n","protected":false},"excerpt":{"rendered":"<p>Projektowanie to pasja. Pomys\u0142y jak puzzle, jak \u0142amig\u0142\u00f3wki do posk\u0142adania w doskona\u0142\u0105 ca\u0142o\u015b\u0107. Im trudniejsze, tym wi\u0119ksza satysfakcja z realizacji projektu, z wi\u0119kszymi wyzwaniami wi\u0119kszy zapa\u0142 do podj\u0119cia si\u0119 zadania &nbsp; Po\u0142\u0105czenie dobrych pomys\u0142\u00f3w z praktycznymi rozwi\u0105zaniami oraz dobra wsp\u00f3\u0142praca z inwestorem to klucz do udanego projektu. &nbsp; Projektowanie to nie tylko wykonywanie zawodu, to [&hellip;]<\/p>\n","protected":false},"author":1,"featured_media":0,"parent":0,"menu_order":1,"comment_status":"closed","ping_status":"closed","template":"","meta":{"footnotes":""},"class_list":["post-9","page","type-page","status-publish","hentry"],"_links":{"self":[{"href":"http:\/\/archima.net\/index.php?rest_route=\/wp\/v2\/pages\/9"}],"collection":[{"href":"http:\/\/archima.net\/index.php?rest_route=\/wp\/v2\/pages"}],"about":[{"href":"http:\/\/archima.net\/index.php?rest_route=\/wp\/v2\/types\/page"}],"author":[{"embeddable":true,"href":"http:\/\/archima.net\/index.php?rest_route=\/wp\/v2\/users\/1"}],"replies":[{"embeddable":true,"href":"http:\/\/archima.net\/index.php?rest_route=%2Fwp%2Fv2%2Fcomments&post=9"}],"version-history":[{"count":9,"href":"http:\/\/archima.net\/index.php?rest_route=\/wp\/v2\/pages\/9\/revisions"}],"predecessor-version":[{"id":169,"href":"http:\/\/archima.net\/index.php?rest_route=\/wp\/v2\/pages\/9\/revisions\/169"}],"wp:attachment":[{"href":"http:\/\/archima.net\/index.php?rest_route=%2Fwp%2Fv2%2Fmedia&parent=9"}],"curies":[{"name":"wp","href":"https:\/\/api.w.org\/{rel}","templated":true}]}}