{"id":7,"date":"2012-12-13T23:20:12","date_gmt":"2012-12-13T23:20:12","guid":{"rendered":"http:\/\/archima.jattaman.eu\/?page_id=7"},"modified":"2013-05-08T17:58:39","modified_gmt":"2013-05-08T17:58:39","slug":"oferta","status":"publish","type":"page","link":"http:\/\/archima.net\/?page_id=7","title":{"rendered":"Oferta"},"content":{"rendered":"<p><strong><span style=\"font-family: Verdana,sans-serif;\"><span style=\"font-size: small;\"><br \/>\nWykonawstwo projekt\u00f3w architektonicznych:<\/span><\/span><\/strong><\/p>\n<p>&nbsp;<\/p>\n<ul>\n<li><span style=\"font-family: Verdana,sans-serif;\"><span style=\"font-size: small;\"> indywidualnych budynk\u00f3w mieszkalnych<\/span><\/span><\/li>\n<li><span style=\"font-family: Verdana,sans-serif;\"><span style=\"font-size: small;\"> budynk\u00f3w wielorodzinnych<\/span><\/span><\/li>\n<li><span style=\"font-family: Verdana,sans-serif;\"><span style=\"font-size: small;\"> budynk\u00f3w zamieszkania zbiorowego<\/span><\/span><\/li>\n<li><span style=\"font-family: Verdana,sans-serif;\"><span style=\"font-size: small;\"> budynk\u00f3w u\u017cyteczno\u015bci publicznej<\/span><\/span><\/li>\n<li><span style=\"font-family: Verdana,sans-serif;\"><span style=\"font-size: small;\"> projekty wn\u0119trz<\/span><\/span><\/li>\n<li><span style=\"font-family: Verdana,sans-serif;\"><span style=\"font-size: small;\"> projekty mebli<\/span><\/span><\/li>\n<li><span style=\"font-family: Verdana,sans-serif;\"><span style=\"font-size: small;\">obs\u0142uga w zakresie uzyskania uzgodnie\u0144, decyzji urz\u0119dowych<\/span><\/span><\/li>\n<li><span style=\"font-family: Verdana,sans-serif;\"><span style=\"font-size: small;\">wsp\u00f3\u0142praca z projektantami poszczeg\u00f3lnych bran\u017c<\/span><\/span><\/li>\n<li><span style=\"font-family: Verdana,sans-serif;\"><span style=\"font-size: small;\">adaptacja projekt\u00f3w katalogowych<\/span><\/span><\/li>\n<\/ul>\n<p>&nbsp;<\/p>\n<p>&nbsp;<\/p>\n<p>&nbsp;<\/p>\n<p><b>Dokumentacja z zakresu ochrony \u015brodowiska<\/b><\/p>\n<p>&nbsp;<\/p>\n<p>Na bazie naszych wieloletnich do\u015bwiadcze\u0144 \u015bwiadczymy us\u0142ugi w zakresie obowi\u0105zk\u00f3w inwestor\u00f3w i przedsi\u0119biorc\u00f3w wynikaj\u0105cych z takich ustaw jak:<\/p>\n<ul>\n<li>Prawo ochrony \u015brodowiska<\/li>\n<li>Prawo wodne<\/li>\n<li>Ustawa o odpadach<\/li>\n<li>Ustawa o ochronie grunt\u00f3w rolnych i le\u015bnych<\/li>\n<li>oraz akt\u00f3w wykonawczych do tych ustaw.<\/li>\n<\/ul>\n<p>&nbsp;<\/p>\n<p>Zakres wykonywanych us\u0142ug obejmuje:<\/p>\n<p>doradztwo, opracowywanie profesjonalnych dokumentacji oraz wniosk\u00f3w o wydanie pozwole\u0144, zezwole\u0144, opinii niezb\u0119dnych na ka\u017cdym etapie produkcji i procesu inwestycyjnego.<\/p>\n<p>Powierzone zadania realizujemy w spos\u00f3b kompleksowy, pocz\u0105wszy od etapu zebrania wszelkich potrzebnych danych wej\u015bciowych, wykonania niezb\u0119dnych analiz i bada\u0144, poprzez sporz\u0105dzenie kompletnej dokumentacji i wniosku, a\u017c do etapu uzyskania pozwolenia, zezwolenia, opinii.<\/p>\n<p>W zakresie realizacji zlecenia zawiera si\u0119 r\u00f3wnie\u017c reprezentacja Przedsi\u0119biorcy\/Inwestora przed organami administracji oraz innymi podmiotami w celu okre\u015blenia i negocjowania warunk\u00f3w pozwole\u0144 i decyzji administracyjnych.<\/p>\n<p>&nbsp;<\/p>\n<p>Wsp\u00f3\u0142pracujemy z szerokim gronem ekspert\u00f3w z r\u00f3\u017cnych dziedzin jak r\u00f3wnie\u017c i akredytowanymi laboratoriami badawczymi.<\/p>\n<p>&nbsp;<\/p>\n<p>Specjalizujemy si\u0119 w nast\u0119puj\u0105cych zagadnieniach:<\/p>\n<ul>\n<li>Emisja zanieczyszcze\u0144 do atmosfery<\/li>\n<li>Sprawozdawczo\u015b\u0107 i op\u0142aty<\/li>\n<li>Decyzje \u015brodowiskowe<\/li>\n<li>Gospodarka Wodno-\u015bciekowa<\/li>\n<li>Raporty oddzia\u0142ywania na \u015brodowisko<\/li>\n<li>Pozwolenia zintegrowane<\/li>\n<\/ul>\n<p>&nbsp;<\/p>\n<p>&nbsp;<\/p>\n<p>&nbsp;<\/p>\n","protected":false},"excerpt":{"rendered":"<p>Wykonawstwo projekt\u00f3w architektonicznych: &nbsp; indywidualnych budynk\u00f3w mieszkalnych budynk\u00f3w wielorodzinnych budynk\u00f3w zamieszkania zbiorowego budynk\u00f3w u\u017cyteczno\u015bci publicznej projekty wn\u0119trz projekty mebli obs\u0142uga w zakresie uzyskania uzgodnie\u0144, decyzji urz\u0119dowych wsp\u00f3\u0142praca z projektantami poszczeg\u00f3lnych bran\u017c adaptacja projekt\u00f3w katalogowych &nbsp; &nbsp; &nbsp; Dokumentacja z zakresu ochrony \u015brodowiska &nbsp; Na bazie naszych wieloletnich do\u015bwiadcze\u0144 \u015bwiadczymy us\u0142ugi w zakresie obowi\u0105zk\u00f3w inwestor\u00f3w i [&hellip;]<\/p>\n","protected":false},"author":1,"featured_media":0,"parent":0,"menu_order":2,"comment_status":"closed","ping_status":"closed","template":"","meta":{"footnotes":""},"class_list":["post-7","page","type-page","status-publish","hentry"],"_links":{"self":[{"href":"http:\/\/archima.net\/index.php?rest_route=\/wp\/v2\/pages\/7"}],"collection":[{"href":"http:\/\/archima.net\/index.php?rest_route=\/wp\/v2\/pages"}],"about":[{"href":"http:\/\/archima.net\/index.php?rest_route=\/wp\/v2\/types\/page"}],"author":[{"embeddable":true,"href":"http:\/\/archima.net\/index.php?rest_route=\/wp\/v2\/users\/1"}],"replies":[{"embeddable":true,"href":"http:\/\/archima.net\/index.php?rest_route=%2Fwp%2Fv2%2Fcomments&post=7"}],"version-history":[{"count":20,"href":"http:\/\/archima.net\/index.php?rest_route=\/wp\/v2\/pages\/7\/revisions"}],"predecessor-version":[{"id":194,"href":"http:\/\/archima.net\/index.php?rest_route=\/wp\/v2\/pages\/7\/revisions\/194"}],"wp:attachment":[{"href":"http:\/\/archima.net\/index.php?rest_route=%2Fwp%2Fv2%2Fmedia&parent=7"}],"curies":[{"name":"wp","href":"https:\/\/api.w.org\/{rel}","templated":true}]}}