{"id":55,"date":"2013-01-22T08:57:41","date_gmt":"2013-01-22T08:57:41","guid":{"rendered":"http:\/\/archima.jattaman.eu\/?page_id=55"},"modified":"2013-03-11T22:50:52","modified_gmt":"2013-03-11T22:50:52","slug":"wnioski-i-druki","status":"publish","type":"page","link":"http:\/\/archima.net\/?page_id=55","title":{"rendered":"Wnioski i druki"},"content":{"rendered":"<p><span style=\"text-decoration: underline;\"><strong>STAROSTWO POWIATOWE W MIKO\u0141OWIE:<\/strong><\/span><\/p>\n<ul>\n<li>WYDZIA\u0141 ARCHITEKTONICZNO-BUDOWLANY &#8211; WNIOSEK O POZWOLENIE NA BUDOW\u0118, ZG\u0141OSZENIE ROB\u00d3T BUDOWLANYCH<\/li>\n<\/ul>\n<p><a href=\"http:\/\/www.mikolowski.pl\/starostwo\/jak-zalatwic-sprawe\/budowa-przebudowa-rozbiorka\/druki-obowiazujace-w-wydziale-ab\" target=\"_blank\">http:\/\/www.mikolowski.pl\/starostwo\/jak-zalatwic-sprawe\/budowa-przebudowa-rozbiorka\/druki-obowiazujace-w-wydziale-ab<\/a><\/p>\n<ul>\n<li>WNIOSEK O WYPIS Z REJESTRU GRUNT\u00d3W<\/li>\n<\/ul>\n<p><a href=\"http:\/\/www.mikolowski.pl\/starostwo\/jak-zalatwic-sprawe\/geodezja-jak-zalatwic\/wydawanie-wypisow-i-wyrysow-z-operatu-ewidencji-gruntow-i-budynkow\" target=\"_blank\">http:\/\/www.mikolowski.pl\/starostwo\/jak-zalatwic-sprawe\/geodezja-jak-zalatwic\/wydawanie-wypisow-i-wyrysow-z-operatu-ewidencji-gruntow-i-budynkow<\/a><br \/>\n<a href=\"http:\/\/%20http:\/\/www.mikolowski.pl\/starostwo\/jak-zalatwic-sprawe\/geodezja-jak-zalatwic\/uzgadnianie-dokumentacji-projektowej\" target=\"_blank\"> http:\/\/www.mikolowski.pl\/starostwo\/jak-zalatwic-sprawe\/geodezja-jak-zalatwic\/uzgadnianie-dokumentacji-projektowej<\/a><\/p>\n<ul>\n<li>PINB MIKO\u0141\u00d3W &#8211; ZG\u0141OSZENIE ROZPOCZ\u0118CIA ROB\u00d3T BUDOWLANYCH, ZG\u0141OSZENIE ZAKO\u0143CZENIA ROB\u00d3T BUDOWLANYCH<\/li>\n<\/ul>\n<p><a href=\"http:\/\/www.mikolowski.pl\/powiatowy-inspektorat-nadzoru-budowlanego\" target=\"_blank\">http:\/\/www.mikolowski.pl\/powiatowy-inspektorat-nadzoru-budowlanego<\/a><\/p>\n<p>&nbsp;<\/p>\n<p><span style=\"text-decoration: underline;\"><strong>UM MIKO\u0141\u00d3W :<\/strong><\/span><\/p>\n<ul>\n<li>\u00a0WNIOSEK O WYPIS I WYRYS Z PLANU ZAGOSPODAROWANIA PRZESTRZENNEGO<\/li>\n<\/ul>\n<p><a href=\"http:\/\/www.mikolow.um.gov.pl\/?id=103\" target=\"_blank\">http:\/\/www.mikolow.um.gov.pl\/?id=103<\/a><\/p>\n<p>&nbsp;<\/p>\n<p><span style=\"text-decoration: underline;\"><strong>UM WYRY:<\/strong><\/span><\/p>\n<ul>\n<li>ZJAZD, DROGI &#8211; WNIOSEK O UZGODNIENIE LOKALIZACJI\/ PRZEBUDOWY ZJAZDU<\/li>\n<\/ul>\n<p><a href=\"http:\/\/bip.ugwyry.rekord.com.pl\/BIP.aspx?Sel=3319992\" target=\"_blank\">http:\/\/bip.ugwyry.rekord.com.pl\/BIP.aspx?Sel=3319992<\/a><\/p>\n<ul>\n<li>WYPIS I WYRYS Z PLANU ZAGOSPODAROWANIA PRZESTRZENNEGO<\/li>\n<\/ul>\n<p><a href=\"http:\/\/bip.ugwyry.rekord.com.pl\/BIP.aspx?Sel=4088415&amp;Nr=1\" target=\"_blank\">http:\/\/bip.ugwyry.rekord.com.pl\/BIP.aspx?Sel=4088415&amp;Nr=1<\/a><\/p>\n<p>&nbsp;<\/p>\n<p><strong><span style=\"text-decoration: underline;\">UM \u0141AZISKA G\u00d3RNE: <\/span><\/strong><\/p>\n<ul>\n<li>ZJAZD, DROGI &#8211; WNIOSEK O UZGODNIENIE LOKALIZACJI\/ PRZEBUDOWY ZJAZDU<\/li>\n<\/ul>\n<p><a href=\"http:\/\/www.laziska-gorne.bip.info.pl\/index.php?idmp=121&amp;r=r\" target=\"_blank\">http:\/\/www.laziska-gorne.bip.info.pl\/index.php?idmp=121&amp;r=r<\/a><\/p>\n<ul>\n<li>ZG\u0141OSZENIE PRZYDOMOWEJ OCZYSZCZALNI \u015aCIEK\u00d3W<\/li>\n<\/ul>\n<p><a href=\"http:\/\/www.laziska-gorne.bip.info.pl\/index.php?idmp=30&amp;r=r\" target=\"_blank\">http:\/\/www.laziska-gorne.bip.info.pl\/index.php?idmp=30&amp;r=r<\/a><\/p>\n<ul>\n<li>WNIOSEK O UZGODNIENIE ODPROWADZANIA W\u00d3D DESZCZOWYCH, UZGODNIENIE ZJAZDU, WNIOSEK O WYPIS I WYRYS Z PLANU ZAGOSPODAROWANIA PRZESTRZENNEGO<\/li>\n<\/ul>\n<p><a href=\"http:\/\/www.laziska-gorne.bip.info.pl\/szukaj.php?txt=wniosek+o++wypis+z+planu&amp;start_d=6&amp;start_m=9&amp;start_r=2012&amp;stop_d=6&amp;stop_m=9&amp;stop_r=2012&amp;zakres_tytul=1&amp;zakres_opis=1&amp;zakres_slowa_kluczowe=1&amp;chb_podmiot=1&amp;chb_przedmiot=1&amp;zakres_mpod=-1&amp;zakres_mp=-1&amp;typ_dokumentu=Wniosek&amp;szukaj_dokumentow=1&amp;ok=szukaj\" target=\"_blank\">http:\/\/www.laziska-gorne.bip.info.pl\/szukaj.php?txt=wniosek+o++wypis+z+planu&amp;start_d=6&amp;start_m=9&amp;start_r=2012&amp;stop_d=6&amp;stop_m=9&amp;stop_r=2012&amp;zakres_tytul=1&amp;zakres_opis=1&amp;zakres_slowa_kluczowe=1&amp;chb_podmiot=1&amp;chb_przedmiot=1&amp;zakres_mpod=-1&amp;zakres_mp=-1&amp;typ_dokumentu=Wniosek&amp;szukaj_dokumentow=1&amp;ok=szukaj<\/a><\/p>\n<p>&nbsp;<\/p>\n<p><span style=\"text-decoration: underline;\"><strong>UM ORZESZE: <\/strong><\/span><\/p>\n<ul>\n<li>ZJAZD, PAS DROGOWY &#8211; WNIOSEK O UZGODNIENIE LOKALIZACJI\/ PRZEBUDOWY ZJAZDU<\/li>\n<\/ul>\n<p><a href=\"http:\/\/www.orzesze.bip.info.pl\/index.php?idmp=18&amp;r=r\" target=\"_blank\">http:\/\/www.orzesze.bip.info.pl\/index.php?idmp=18&amp;r=r<\/a><\/p>\n<ul>\n<li>WNIOSEK O WYPIS I WYRYS Z PLANU ZAGOSPODAROWANIA PRZESTRZENNEGO<\/li>\n<\/ul>\n<p><a href=\"http:\/\/www.orzesze.bip.info.pl\/index.php?idmp=22&amp;r=r\" target=\"_blank\">http:\/\/www.orzesze.bip.info.pl\/index.php?idmp=22&amp;r=r<\/a><\/p>\n<p>&nbsp;<\/p>\n<p><span style=\"text-decoration: underline;\"><strong>STAROSTWO POWIATOWE W PSZCZYNIE<\/strong><\/span>:<\/p>\n<ul>\n<li>WYDZIA\u0141 ARCHITEKTURY I BUDOWNICTWA &#8211; WNIOSEK O POZWOLENIE NA BUDOW\u0118, ZG\u0141OSZENIE ROB\u00d3T BUDOWLANYCH<\/li>\n<\/ul>\n<p><a href=\"http:\/\/www.bip.powiat.pszczyna.pl\/?t=76&amp;menu=&amp;mod=site&amp;id=76&amp;rok=&amp;miesiac=&amp;id=1691&amp;t=1691\" target=\"_blank\">http:\/\/www.bip.powiat.pszczyna.pl\/?t=76&amp;menu=&amp;mod=site&amp;id=76&amp;rok=&amp;miesiac=&amp;id=1691&amp;t=1691<\/a><\/p>\n<ul>\n<li>WYDZIA\u0141 GEODEZJI &#8211; WNIOSEK O WYPIS Z REJESTRU GRUNT\u00d3W<\/li>\n<\/ul>\n<p><a href=\"http:\/\/www.bip.powiat.pszczyna.pl\/?t=72&amp;menu=&amp;mod=site&amp;id=72&amp;rok=&amp;miesiac=&amp;id=429&amp;t=429\" target=\"_blank\">http:\/\/www.bip.powiat.pszczyna.pl\/?t=72&amp;menu=&amp;mod=site&amp;id=72&amp;rok=&amp;miesiac=&amp;id=429&amp;t=429<\/a><\/p>\n<p>&nbsp;<\/p>\n<p><strong><span style=\"text-decoration: underline;\">UM PSZCZYNA<\/span><\/strong>:<\/p>\n<ul>\n<li>ZG\u0141OSZENIE PRZYDOMOWEJ OCZYSZCZALNI \u015aCIEK\u00d3W<\/li>\n<\/ul>\n<p><a href=\"http:\/\/bip.pszczyna.pl\/index.php?idmp=39&amp;r=o\" target=\"_blank\">http:\/\/bip.pszczyna.pl\/index.php?idmp=39&amp;r=o<\/a><\/p>\n<ul>\n<li>WYPIS I WYRYS Z PLANU ZAGOSPODAROWANIA PRZESTRZENNEGO<\/li>\n<\/ul>\n<p><a href=\"http:\/\/bip.pszczyna.pl\/index.php?idmp=28&amp;r=o\" target=\"_blank\">http:\/\/bip.pszczyna.pl\/index.php?idmp=28&amp;r=o<\/a><\/p>\n<ul>\n<li>ZJAZD, DROGI &#8211; WNIOSEK O UZGODNIENIE LOKALIZACJI\/ PRZEBUDOWY ZJAZDU<\/li>\n<\/ul>\n<p><a href=\"http:\/\/bip.pszczyna.pl\/index.php?idmp=25&amp;r=o\" target=\"_blank\">http:\/\/bip.pszczyna.pl\/index.php?idmp=25&amp;r=o<\/a><\/p>\n<ul>\n<li>ZG\u0141OSZENIE PRZYDOMOWEJ OCZYSZCZALNIA\u015aCIEK\u00d3W<\/li>\n<\/ul>\n<p><a href=\"http:\/\/bip.pszczyna.pl\/index.php?idmp=39&amp;r=o\" target=\"_blank\">http:\/\/bip.pszczyna.pl\/index.php?idmp=39&amp;r=o<\/a><\/p>\n<ul>\n<li>PINB PSZCZYNA &#8211; ZG\u0141OSZENIE ROZPOCZ\u0118CIA ROB\u00d3T BUDOWLANYCH, ZG\u0141OSZENIE ZAKO\u0143CZENIA ROB\u00d3T BUDOWLANYCH<\/li>\n<\/ul>\n<p><a href=\"http:\/\/www.bip.powiat.pszczyna.pl\/?t=375&amp;menu=&amp;mod=site&amp;id=375&amp;rok=&amp;miesiac=&amp;id=626&amp;t=626\" target=\"_blank\">http:\/\/www.bip.powiat.pszczyna.pl\/?t=375&amp;menu=&amp;mod=site&amp;id=375&amp;rok=&amp;miesiac=&amp;id=626&amp;t=626<\/a><br \/>\n<span style=\"text-decoration: underline;\"><strong>UM KATOWICE<\/strong><\/span><\/p>\n<ul>\n<li>WYDZIA\u0141 ARCHITEKTURY I BUDOWNICTWA &#8211; WNIOSEK O POZWOLENIE NA BUDOW\u0118, ZG\u0141OSZENIE ROB\u00d3T BUDOWLANYCH<\/li>\n<\/ul>\n<p><a href=\"http:\/\/bip.um.katowice.pl\/index.php?s=25\" target=\"_blank\">http:\/\/bip.um.katowice.pl\/index.php?s=25<\/a><\/p>\n<ul>\n<li>GEODEZJA &#8211; WNIOSEK O WYPIS Z REJESTRU GRUNT\u00d3W<\/li>\n<\/ul>\n<p><a href=\"http:\/\/bip.um.katowice.pl\/index.php?s=25\" target=\"_blank\">http:\/\/bip.um.katowice.pl\/index.php?s=25<\/a><\/p>\n<ul>\n<li>PINB KATOWICE &#8211; ZG\u0141OSZENIE ROZPOCZ\u0118CIA ROB\u00d3T BUDOWLANYCH, ZG\u0141OSZENIE ZAKO\u0143CZENIA ROB\u00d3T BUDOWLANYCH<\/li>\n<\/ul>\n<p><a href=\"http:\/\/www.pinb.katowice.pl\/druki_do_pobrania.htm\" target=\"_blank\">http:\/\/www.pinb.katowice.pl\/druki_do_pobrania.htm<\/a><br \/>\n<strong><span style=\"text-decoration: underline;\">UG KOBI\u00d3R<\/span><\/strong><\/p>\n<ul>\n<li>ZJAZD, DROGA &#8211; WNIOSEK O UZGODNIENIE LOKALIZACJI\/ PRZEBUDOWY ZJAZDU<\/li>\n<\/ul>\n<p><a href=\"http:\/\/bip.kobior.pl\/pl\/10379\/0\/referat-gospodarki-komunalnej.html\" target=\"_blank\">http:\/\/bip.kobior.pl\/pl\/10379\/0\/referat-gospodarki-komunalnej.html<\/a><\/p>\n<ul>\n<li>WNIOSEK O WYPIS I WYRYS Z PLANU ZAGOSPODAROWANIA PRZESTRZENNEGO, WNIOSEK O WYDANIE DECYZJI USTALAJ\u0104CEJ WARUNKI ZABUDOWY<\/li>\n<\/ul>\n<p><a href=\"http:\/\/bip.kobior.pl\/pl\/9778\/1\/referat-gospodarki-przestrzennej.html\" target=\"_blank\">http:\/\/bip.kobior.pl\/pl\/9778\/1\/referat-gospodarki-przestrzennej.html<\/a><\/p>\n<p>&nbsp;<\/p>\n<p><span style=\"text-decoration: underline;\"><strong>UM TYCHY<\/strong><\/span><\/p>\n<ul>\n<li>WYDZIA\u0141 ARCHITEKTURY &#8211; WNIOSEK O POZWOLENIE NA BUDOW\u0118, ZG\u0141OSZENIE ROB\u00d3T BUDOWLANYCH<\/li>\n<\/ul>\n<p><a href=\"http:\/\/bip.umtychy.pl\/jednostki-organizacyjne-um\/sprawy\/GWA\" target=\"_blank\">http:\/\/bip.umtychy.pl\/jednostki-organizacyjne-um\/sprawy\/GWA<\/a><\/p>\n<ul>\n<li>GEODEZJA &#8211; WNIOSEK O WYPIS Z REJESTRU GRUNT\u00d3W<\/li>\n<\/ul>\n<p><a href=\"http:\/\/bip.umtychy.pl\/jednostki-organizacyjne-um\/sprawy\/GWG\" target=\"_blank\">http:\/\/bip.umtychy.pl\/jednostki-organizacyjne-um\/sprawy\/GWG<\/a><\/p>\n<ul>\n<li>PINB TYCHY &#8211; ZG\u0141OSZENIE ROZPOCZ\u0118CIA ROB\u00d3T BUDOWLANYCH, ZG\u0141OSZENIE ZAKO\u0143CZENIA ROB\u00d3T BUDOWLANYCH<\/li>\n<\/ul>\n<p><a href=\"http:\/\/bip.umtychy.pl\/pozostale-jednostki\/informacje\/PINB\/4\" target=\"_blank\">http:\/\/bip.umtychy.pl\/pozostale-jednostki\/informacje\/PINB\/4<\/a><br \/>\n<span style=\"text-decoration: underline;\"><strong>UM RUDA \u015aL\u0104SKA: <\/strong><\/span><\/p>\n<ul>\n<li>WYDZIA\u0141 URBANISTYKI I ARCHITEKTURY &#8211; WNIOSEK O POZWOLENIE NA BUDOW\u0118, ZG\u0141OSZENIE ROB\u00d3T BUDOWLANYCH<\/li>\n<\/ul>\n<p><a href=\"http:\/\/www.rudaslaska.bip.info.pl\/dokument.php?iddok=14932&amp;idmp=474&amp;r=r\" target=\"_blank\">http:\/\/www.rudaslaska.bip.info.pl\/dokument.php?iddok=14932&amp;idmp=474&amp;r=r<\/a><\/p>\n<ul>\n<li>GEODEZJA &#8211; WNIOSEK O WYPIS Z REJESTRU GRUNT\u00d3W<\/li>\n<\/ul>\n<p><a href=\"http:\/\/www.rudaslaska.bip.info.pl\/dokument.php?iddok=14777&amp;idmp=944&amp;r=r\" target=\"_blank\">http:\/\/www.rudaslaska.bip.info.pl\/dokument.php?iddok=14777&amp;idmp=944&amp;r=r<\/a><\/p>\n<ul>\n<li>PINB RUDA \u015aL\u0104SKA &#8211; ZG\u0141OSZENIE ROZPOCZ\u0118CIA ROB\u00d3T BUDOWLANYCH, ZG\u0141OSZENIE ZAKO\u0143CZENIA ROB\u00d3T BUDOWLANYCH<\/li>\n<\/ul>\n<p><a href=\"http:\/\/www.pinb.rudaslaska.bip.info.pl\/index.php?idmp=8&amp;r=r\" target=\"_blank\">http:\/\/www.pinb.rudaslaska.bip.info.pl\/index.php?idmp=8&amp;r=r<\/a><\/p>\n","protected":false},"excerpt":{"rendered":"<p>STAROSTWO POWIATOWE W MIKO\u0141OWIE: WYDZIA\u0141 ARCHITEKTONICZNO-BUDOWLANY &#8211; WNIOSEK O POZWOLENIE NA BUDOW\u0118, ZG\u0141OSZENIE ROB\u00d3T BUDOWLANYCH http:\/\/www.mikolowski.pl\/starostwo\/jak-zalatwic-sprawe\/budowa-przebudowa-rozbiorka\/druki-obowiazujace-w-wydziale-ab WNIOSEK O WYPIS Z REJESTRU GRUNT\u00d3W http:\/\/www.mikolowski.pl\/starostwo\/jak-zalatwic-sprawe\/geodezja-jak-zalatwic\/wydawanie-wypisow-i-wyrysow-z-operatu-ewidencji-gruntow-i-budynkow http:\/\/www.mikolowski.pl\/starostwo\/jak-zalatwic-sprawe\/geodezja-jak-zalatwic\/uzgadnianie-dokumentacji-projektowej PINB MIKO\u0141\u00d3W &#8211; ZG\u0141OSZENIE ROZPOCZ\u0118CIA ROB\u00d3T BUDOWLANYCH, ZG\u0141OSZENIE ZAKO\u0143CZENIA ROB\u00d3T BUDOWLANYCH http:\/\/www.mikolowski.pl\/powiatowy-inspektorat-nadzoru-budowlanego &nbsp; UM MIKO\u0141\u00d3W : \u00a0WNIOSEK O WYPIS I WYRYS Z PLANU ZAGOSPODAROWANIA PRZESTRZENNEGO http:\/\/www.mikolow.um.gov.pl\/?id=103 &nbsp; UM WYRY: ZJAZD, DROGI [&hellip;]<\/p>\n","protected":false},"author":1,"featured_media":0,"parent":0,"menu_order":6,"comment_status":"open","ping_status":"closed","template":"","meta":{"footnotes":""},"class_list":["post-55","page","type-page","status-publish","hentry"],"_links":{"self":[{"href":"http:\/\/archima.net\/index.php?rest_route=\/wp\/v2\/pages\/55"}],"collection":[{"href":"http:\/\/archima.net\/index.php?rest_route=\/wp\/v2\/pages"}],"about":[{"href":"http:\/\/archima.net\/index.php?rest_route=\/wp\/v2\/types\/page"}],"author":[{"embeddable":true,"href":"http:\/\/archima.net\/index.php?rest_route=\/wp\/v2\/users\/1"}],"replies":[{"embeddable":true,"href":"http:\/\/archima.net\/index.php?rest_route=%2Fwp%2Fv2%2Fcomments&post=55"}],"version-history":[{"count":7,"href":"http:\/\/archima.net\/index.php?rest_route=\/wp\/v2\/pages\/55\/revisions"}],"predecessor-version":[{"id":57,"href":"http:\/\/archima.net\/index.php?rest_route=\/wp\/v2\/pages\/55\/revisions\/57"}],"wp:attachment":[{"href":"http:\/\/archima.net\/index.php?rest_route=%2Fwp%2Fv2%2Fmedia&parent=55"}],"curies":[{"name":"wp","href":"https:\/\/api.w.org\/{rel}","templated":true}]}}